{"id":165,"date":"2019-02-12T18:59:32","date_gmt":"2019-02-12T18:59:32","guid":{"rendered":"https:\/\/www.maui-sports.de\/?page_id=165"},"modified":"2023-11-29T13:52:59","modified_gmt":"2023-11-29T13:52:59","slug":"agb","status":"publish","type":"page","link":"https:\/\/www.maui-sports.de\/shop\/agb\/","title":{"rendered":"AGB"},"content":{"rendered":"<p>[et_pb_section bb_built=&#8220;1&#8243; fullwidth=&#8220;on&#8220; next_background_color=&#8220;#000000&#8243; _builder_version=&#8220;3.19.13&#8243; border_color_all=&#8220;#ffffff&#8220; border_color_bottom=&#8220;#f08118&#8243; bottom_divider_style=&#8220;arrow2&#8243; bottom_divider_color=&#8220;#ffffff&#8220; bottom_divider_height=&#8220;54px&#8220; bottom_divider_flip=&#8220;horizontal&#8220; custom_css_main_element=&#8220;max-width: 1440px;||margin: 0 auto;&#8220;][et_pb_fullwidth_slider _builder_version=&#8220;3.19.13&#8243;][et_pb_slide use_bg_overlay=&#8220;off&#8220; use_text_overlay=&#8220;off&#8220; _builder_version=&#8220;3.19.13&#8243; background_image=&#8220;https:\/\/www.maui-sports.de\/shop\/wp-content\/uploads\/2019\/03\/Maui-im-Sand.jpg&#8220; button_on_hover=&#8220;on&#8220; custom_css_main_element=&#8220;height:493px;&#8220;][\/et_pb_slide][\/et_pb_fullwidth_slider][\/et_pb_section][et_pb_section bb_built=&#8220;1&#8243; prev_background_color=&#8220;#000000&#8243; _builder_version=&#8220;3.19.13&#8243; top_divider_color=&#8220;#ffffff&#8220;][et_pb_row _builder_version=&#8220;3.19.13&#8243;][et_pb_column type=&#8220;4_4&#8243;][et_pb_text _builder_version=&#8220;3.19.13&#8243; text_font=&#8220;|600|||||||&#8220; text_text_color=&#8220;#000000&#8243; header_font=&#8220;|700|||||||&#8220;]<\/p>\n<h1>ALLGEMEINE GESCH\u00c4FTSBEDINGUNGEN<\/h1>\n<div class=\"text\">\n<p>Allgemeine Gesch\u00e4ftsbedingungen der Okamoto Sportswear GmbH (Stand \u2013 19.05.2014)<\/p>\n<p>Pr\u00e4ambel<\/p>\n<p>Die Okamoto Sportswear GmbH (nachstehend auch Verk\u00e4ufer genannt) betreibt ausschlie\u00dflich unter der Domain https:\/\/www.maui-sports.de einen Online-Shop mit Waren der Marke MAUI SPORTS.<\/p>\n<p>1. Allgemeines<\/p>\n<p>(1) Die folgenden Allgemeinen Gesch\u00e4ftsbedingungen gelten f\u00fcr alle Gesch\u00e4ftsbeziehungen zwischen dem Verk\u00e4ufer, der Okamoto Sportswear GmbH und seinen Kunden. Ma\u00dfgeblich ist jeweils die zum Zeitpunkt des Vertragsschlusses g\u00fcltige Fassung.<\/p>\n<p>(2) Die Angebote in diesem Online Shop richten sich ausschlie\u00dflich an Verbraucher mit einer Wohnadresse in Deutschland. Verbraucher, im Sinne dieser Gesch\u00e4ftsbedingungen, sind nat\u00fcrliche Personen, die das Rechtsgesch\u00e4ft zu einem Zweck abschlie\u00dfen, der weder ihrer gewerblichen noch ihrer selbst\u00e4ndigen beruflichen T\u00e4tigkeit zugerechnet werden kann.&nbsp;<\/p>\n<p>(4) Der Kunde erkennt die nachfolgenden Allgemeinen Gesch\u00e4ftsbedingungen als f\u00fcr Ihn verbindlich an und verzichtet ausdr\u00fccklich auf die Einbeziehung eigener Gesch\u00e4ftsbedingungen. Gesch\u00e4ftsbedingungen des Kunden werden in keinem Fall Vertragsbestandteil.<\/p>\n<p>2. Liefer- und Versandbedingungen<\/p>\n<p>Wir liefern ausschlie\u00dflich innerhalb Deutschland. Die Lieferung erfolgt nach Verf\u00fcgbarkeit und Zahlungseingang innerhalb von ca. 2-5 Werktagen. Die Lieferung erfolgt an die vom Kunden mitgeteilte Rechnungsadresse oder eine abweichende Lieferadresse, die uns vom Kunden innerhalb des Bestellvorganges mitgeteilt wird. Die Versandkosten f\u00fcr einen Bestellwert unter 50,00 \u20ac betragen 4,90 \u20ac. Ab einem Bestellwert von \u00fcber 50,00 \u20ac entfallen die Versandkosten.<\/p>\n<p>3. Preis- und Zahlungsbedingungen<\/p>\n<p>Die Bezahlung der Ware erfolgt durch Vorkasse. Die weiteren Details zur Bezahlung sind unserer Best\u00e4tigungsemail, welche nach dem Bestellvorgang Ihnen separat zugeht, zu entnehmen.<\/p>\n<p>4. Vertragsschluss<\/p>\n<p>Als Verbraucher k\u00f6nnen Sie innerhalb des MAUI-SPORTS Online-Shop einzelne oder mehrere Waren aus dem gesamten Angebot ausw\u00e4hlen und durch Klicken des Buttons &#8222;in den Warenkorb&#8220; in einer elektronischen Einkaufstasche sammeln. Erst nach Eingabe aller erforderlichen Daten zur Vertragsdurchf\u00fchrung und Best\u00e4tigung der Kenntnisnahme dieser Gesch\u00e4ftsbedingungen, entsteht f\u00fcr Sie eine verbindliche Bestellung, indem Sie den Button \u201eBestellung absenden\u201c angew\u00e4hlt haben. Bis zum Anklicken dieses Buttons k\u00f6nnen Sie Ihre Bestellung und die zu Ihrer Bestellung angegebenen Daten ver\u00e4ndern.&nbsp;<\/p>\n<p>Nach Abgabe Ihrer Bestellung erhalten Sie eine automatisch erzeugte Best\u00e4tigung Ihrer Bestellung per E-Mail an die von Ihnen angegebene Mail-Adresse. Innerhalb dieser Mail sind die Daten Ihrer Bestellung aufgef\u00fchrt sowie zus\u00e4tzlich diese Allgemeinen Gesch\u00e4ftsbedingungen und die Zahlungsmodalit\u00e4ten. Durch die Empfangsbest\u00e4tigung per E-Mail kommt kein Kaufvertrag zustande. Die Best\u00e4tigung garantiert lediglich, dass Ihre Bestellung bei uns eingegangen ist. Soweit Sie nicht bereits im Rahmen des Bestellvorgangs die Daten Ihrer Bestellung und diese Allgemeinen Gesch\u00e4ftsbedingungen ausgedruckt und\/oder anderswie gespeichert haben, empfehlen wir Ihnen diese E-Mail auszudrucken und abzuspeichern.&nbsp;<\/p>\n<p>Die Okamoto Sportswear GmbH beh\u00e4lt sich die Annahme Ihrer Bestellung vor. Wir sind dazu erm\u00e4chtigt, eine Bestellung des Kunden innerhalb von zwei Wochen durch Zusendung einer Auftragsbest\u00e4tigung oder durch Lieferung der bestellten Ware anzunehmen. Zum Abschluss eines Vertrags aufgrund Ihrer Bestellung sind wir nicht verpflichtet. Die Auftragsbest\u00e4tigung erfolgt schriftlich bzw. durch \u00dcbermittlung einer E-Mail. Nach erfolglosem Ablauf der 2-Wochen-Frist gilt die Bestellung als abgelehnt. Die Okamoto Sportswear GmbH wird sich darum bem\u00fchen, den Besteller jeweils unverz\u00fcglich \u00fcber die getroffene Entscheidung zu informieren.&nbsp;<\/p>\n<p>Hinweis: Unsere Angebote begr\u00fcnden keinerlei Selbstverpflichtung. In rechtlicher Hinsicht handelt es sich bei den Angeboten um nichts anderes, als die unverbindliche Aufforderung, ggf. Waren zu bestellen. Innerhalb Deutschlands k\u00f6nnen Sie die gelieferte Ware ohne Angabe von Gr\u00fcnden innerhalb von 2 Wochen ab Erhalt kostenlos retournieren. Die R\u00fccksendung hat unter Verwendung des beiliegenden Retourenschein und des R\u00fcckversand-Aufklebers zu erfolgen. Der Kaufvertrag wird erst wirksam, wenn Sie die Ware nach deren Erhalt billigen, sp\u00e4testens jedoch nach Ablauf der 2-w\u00f6chigen R\u00fcckgabefrist.&nbsp;<\/p>\n<p>5. Widerrufsrecht<\/p>\n<p>Verbraucher haben ein Widerrufsrecht nach folgender Ma\u00dfgabe, wobei Verbraucher jede nat\u00fcrliche Person ist, die ein Rechtsgesch\u00e4ft zu Zwecken abschlie\u00dft, die \u00fcberwiegend weder ihrer gewerblichen noch ihrer selbst\u00e4ndigen beruflichen T\u00e4tigkeit zugerechnet werden kann.<\/p>\n<p>(1)<\/p>\n<p>Widerrufsbelehrung<\/p>\n<p>Widerrufsrecht<\/p>\n<p>Sie haben das Recht, binnen vierzehn Tagen ohne Angabe von Gr\u00fcnden diesen Vertrag zu widerrufen.<\/p>\n<p>Die Widerrufsfrist betr\u00e4gt vierzehn Tage ab dem Tag,<\/p>\n<p>&#8211; an dem Sie oder ein von Ihnen benannter Dritter, der nicht der Bef\u00f6rderer ist, die Waren in Besitz genommen haben bzw. hat, wenn Sie eine Ware oder mehrere Waren im Rahmen einer einheitlichen Bestellung bestellt haben und die Ware bzw. Waren einheitlich geliefert wird bzw. werden;<\/p>\n<p>&#8211; an dem Sie oder ein von Ihnen benannter Dritter, der nicht der Bef\u00f6rderer ist, die letzte Ware in Besitz genommen haben bzw. hat, wenn Sie mehrere Waren im Rahmen einer einheitlichen Bestellung bestellt haben und die Waren getrennt geliefert werden;<\/p>\n<p>&#8211; an dem Sie oder ein von Ihnen benannter Dritter, der nicht der Bef\u00f6rderer ist, die letzte Teilsendung oder das letzte St\u00fcck in Besitz genommen haben bzw. hat, wenn Sie eine Ware bestellt haben, die in mehreren Teilsendungen oder St\u00fccken geliefert wird.<\/p>\n<p>Wenn mehrere der vorstehenden Alternativen vorliegen, beginnt die Widerrufsfrist erst zu laufen, wenn Sie oder ein von Ihnen benannter Dritter, der nicht Bef\u00f6rderer ist, die letzte Ware oder die letzte Teilsendung bzw. das letzte St\u00fcck in Besitz genommen haben bzw. hat.<\/p>\n<p>Um Ihr Widerrufsrecht auszu\u00fcben, m\u00fcssen Sie uns<\/p>\n<p>Okamoto Sportswear GmbH<\/p>\n<p>An\u2019n Slagboom 7<br \/>22848 Norderstedt&nbsp;<\/p>\n<p>Telefon +49 (0) 40 \u2013 53413- 400<br \/>Telefax +49 (0) 40 \u2013 53413- 444<\/p>\n<p>E-Mail: maui-sports@fashioncenter.net<\/p>\n<p>mittels einer eindeutigen Erkl\u00e4rung (z. B. ein mit der Post versandter Brief, Telefax oder E-Mail) \u00fcber Ihren Entschluss, diesen Vertrag zu widerrufen, informieren. Hierzu k\u00f6nnen Sie unser Widerrufsformular verwenden. Um das Widerrufsformular herunterzuladen, klicken Sie bitte&nbsp;<a href=\"https:\/\/www.maui-sports.de\/shop\/downloads\/140721-Widerrufsrecht-Formular.pdf\" target=\"_blank\" rel=\"noopener noreferrer\">hier<\/a>.<\/p>\n<p>Zur Wahrung der Widerrufsfrist reicht es aus, dass Sie die Mitteilung \u00fcber die Aus\u00fcbung des Widerrufsrechts vor Ablauf der Widerrufsfrist absenden.<\/p>\n<p>Folgen des Widerrufs<\/p>\n<p>Wenn Sie diesen Vertrag widerrufen, haben wir Ihnen alle Zahlungen, die wir von Ihnen erhalten haben, einschlie\u00dflich der Lieferkosten (mit Ausnahme der zus\u00e4tzlichen Kosten, die sich daraus ergeben, dass Sie eine andere Art der Lieferung als die von uns angebotene, g\u00fcnstigste Standardlieferung gew\u00e4hlt haben), unverz\u00fcglich und sp\u00e4testens binnen vierzehn Tagen ab dem Tag zur\u00fcckzuzahlen, an dem die Mitteilung \u00fcber Ihren Widerruf dieses Vertrags bei uns eingegangen ist. F\u00fcr diese R\u00fcckzahlung verwenden wir dasselbe Zahlungsmittel, das Sie bei der urspr\u00fcnglichen Transaktion eingesetzt haben, es sei denn, mit Ihnen wurde ausdr\u00fccklich etwas anderes vereinbart; in keinem Fall werden Ihnen wegen dieser R\u00fcckzahlung Entgelte berechnet.<\/p>\n<p>Wir k\u00f6nnen die R\u00fcckzahlung verweigern, bis wir die Waren wieder zur\u00fcckerhalten haben oder bis Sie den Nachweis erbracht haben, dass Sie die Waren zur\u00fcckgesandt haben, je nachdem, welches der fr\u00fchere Zeitpunkt ist.<\/p>\n<p>Sie haben die Waren unverz\u00fcglich und in jedem Fall sp\u00e4testens binnen vierzehn Tagen ab dem Tag, an dem Sie uns \u00fcber den Widerruf dieses Vertrags unterrichten, an uns zur\u00fcckzusenden oder zu \u00fcbergeben. Die Frist ist gewahrt, wenn Sie die Waren vor Ablauf der Frist von vierzehn Tagen absenden. Wir tragen die Kosten f\u00fcr die R\u00fccksendung der Waren.<\/p>\n<p>Sie m\u00fcssen f\u00fcr einen etwaigen Wertverlust der Waren nur aufkommen, wenn dieser Wertverlust auf einen zur Pr\u00fcfung der Beschaffenheit, Eigenschaften und Funktionsweise der Waren nicht notwendigen Umgang mit ihnen zur\u00fcckzuf\u00fchren ist.<\/p>\n<p>Ende der Widerrufsbelehrung<\/p>\n<p>(2)<\/p>\n<p>Ein Widerrufsrecht besteht nicht bei Vertr\u00e4gen zur Lieferung von Waren, die nicht vorgefertigt sind und f\u00fcr deren Herstellung eine individuelle Auswahl oder Bestimmung durch den Verbraucher ma\u00dfgeblich ist oder die eindeutig auf die pers\u00f6nlichen Bed\u00fcrfnisse des Verbrauchers zugeschnitten sind.<\/p>\n<p>(3)<\/p>\n<p>Bitte legen Sie der R\u00fccksendung den der Bestellung beigef\u00fcgten Retourenschein bei und nutzen Sie den R\u00fcckversand-Aufkleber. Durch diese Vorgehensweise erm\u00f6glichen Sie uns eine schnellstm\u00f6gliche Zuordnung der Produkte. Bitte beachten Sie, dass die Nutzung von Retourenschein und R\u00fcckversand-Aufkleber nicht Voraussetzung f\u00fcr die wirksame Aus\u00fcbung des Widerrufsrechts sind<\/p>\n<p>6. Eigentumsvorbehalt<\/p>\n<p>a) Die gelieferte Ware bleibt bis zur vollst\u00e4ndigen Bezahlung Eigentum der Okamoto Sportswear GmbH.&nbsp;<\/p>\n<p>b) Bei Verbrauchern behalten wir uns das Eigentum an der Kaufsache bis zur vollst\u00e4ndigen Zahlung des Rechnungsbetrags vor. Sind Sie Unternehmer in Aus\u00fcbung Ihrer gewerblichen oder selbst\u00e4ndigen beruflichen T\u00e4tigkeit, eine juristische Person des \u00f6ffentlichen Rechts oder \u00f6ffentlich-rechtliches Sonderverm\u00f6gen, behalten wir uns das Eigentum an der Kaufsache bis zum Ausgleich aller noch offenen Forderungen aus der Gesch\u00e4ftsverbindung mit dem Besteller vor. Die entsprechenden Sicherungsrechte sind auf Dritte \u00fcbertragbar.&nbsp;<\/p>\n<p>c) Ein Recht zur Aufrechnung steht Ihnen nur zu, wenn Ihre Gegenanspr\u00fcche rechtskr\u00e4ftig festgestellt oder von uns unbestritten oder anerkannt sind. Au\u00dferdem haben Sie ein Zur\u00fcckbehaltungsrecht nur, wenn und soweit Ihr Gegenanspruch auf dem gleichen Vertragsverh\u00e4ltnis beruht.&nbsp;<\/p>\n<p>b) Befindet sich der Kunde uns gegen\u00fcber mit irgendwelchen Zahlungsverpflichtungen im Verzug, so werden s\u00e4mtliche bestehende Forderungen sofort f\u00e4llig.&nbsp;<\/p>\n<p>7. Gew\u00e4hrleistung<\/p>\n<p>Es gelten die gesetzlichen Gew\u00e4hrleistungsvorschriften, soweit nicht ausdr\u00fccklich etwas anderes vereinbart wurde.&nbsp;<\/p>\n<p>8. Datenschutz<\/p>\n<p>Personenbezogene Daten werden grunds\u00e4tzlich vertraulich behandelt und vorbehaltlich eigener Marketingzwecke nur erhoben, gespeichert, verarbeitet und\/oder genutzt, soweit das f\u00fcr die Gesch\u00e4ftsabwicklung notwendig ist. Gleiches gilt im Hinblick auf die Daten\u00fcbermittlung an verbundene Unternehmen bzw. Dienstleistungspartner. Der Kunde kann der Nutzung, Verarbeitung und \u00dcbermittlung seiner personenbezogenen Daten f\u00fcr unsere eigenen Marketingzwecke jederzeit durch formlose Mitteilung an maui-sports@fashioncenter.net widersprechen.&nbsp;<\/p>\n<p>Der Kunde stimmt zu, dass uns das Recht zusteht Informationen bei Dritten, z. B. Versandh\u00e4ndlern, Kreditauskunfteien und Zahlungsanbietern, Informationen \u00fcber Ihr Zahlungsverhalten und Konten einzuholen.&nbsp;<\/p>\n<p>F\u00fcr etwaige Verweise\/Links auf andere, fremde Webseiten gilt: Die Okamoto Sportswear GmbH erkl\u00e4rt ausdr\u00fccklich, dass zum Zeitpunkt der Linksetzung keine illegalen Inhalte auf den verlinkten Seiten erkennbar waren. Auf die aktuelle und zuk\u00fcnftige Gestaltung, die Inhalte oder die Urheberschaft der verlinkten\/verkn\u00fcpften Seiten haben wir keinerlei Einfluss. Deshalb distanzieren wir uns hiermit ausdr\u00fccklich von allen Inhalten aller verlinkten\/verkn\u00fcpften Seiten. Diese Erkl\u00e4rung gilt f\u00fcr alle innerhalb des eigenen Internetangebotes gesetzten Links und Verweise sowie f\u00fcr Fremdeintr\u00e4ge in etwaig eingerichteten Diskussionsforen, Linkverzeichnissen, Mailinglisten und in allen anderen Formen von Datenbanken, auf deren Inhalt externe Schreibzugriffe m\u00f6glich sind. F\u00fcr illegale, fehlerhafte oder unvollst\u00e4ndige Inhalte solcherart dargebotener Informationen und daraus evtl. resultierender Sch\u00e4den wird nicht gehaftet.&nbsp;<\/p>\n<p>9. Urheber- und Markenschutz<\/p>\n<p>Alle Urheber- oder Markenrechte an verwendeten Bildern, Grafiken, Texten etc. liegen bei Okamoto Sportswear GmbH oder ihren Partnern. Eine Nutzung ohne ausdr\u00fcckliche Zustimmung ist nicht gestattet.&nbsp;<\/p>\n<p>10. Speicherung des Vertragstextes<\/p>\n<p>Eine Speicherung des Vertragstextes erfolgt nicht.&nbsp;<\/p>\n<p>11. Anwendbares Recht<\/p>\n<p>Unter Ausschluss des UN-\u00dcbereinkommens \u00fcber den Internationalen Warenkauf (CISG), gilt das materielle Recht der Bundesrepublik Deutschland.&nbsp;<\/p>\n<p>12. Vertragspartner<\/p>\n<p>Vertragspartner des Kunden und damit u. a. auch Ansprechpartner im Gew\u00e4hrleistungsfall ist:&nbsp;<\/p>\n<p>Okamoto Sportswear GmbH<\/p>\n<p>Sitz: Norderstedt<\/p>\n<p>Gesch\u00e4ftsf\u00fchrer: J\u00fcrgen Daleiden<\/p>\n<p>An\u2019n Slagboom 7<br \/>22848 Norderstedt&nbsp;<\/p>\n<p>Telefon +49 (0) 40 \u2013 53413- 400<br \/>Telefax +49 (0) 40 \u2013 53413- 444<\/p>\n<p>E-Mail: maui-sports@fashioncenter.net&nbsp;<br \/>www.maui-sports.de&nbsp;<\/p>\n<p>Registergericht und Handelsregisternummer:&nbsp;<\/p>\n<p>Amtsgericht Norderstedt HRB 3870&nbsp;<\/p>\n<p>USt-Id-Nr.: DE 182247548&nbsp;<\/p>\n<\/div>\n<p>[\/et_pb_text][\/et_pb_column][\/et_pb_row][\/et_pb_section]<\/p>\n","protected":false},"excerpt":{"rendered":"<p>[et_pb_section bb_built=&#8220;1&#8243; fullwidth=&#8220;on&#8220; next_background_color=&#8220;#000000&#8243; _builder_version=&#8220;3.19.13&#8243; border_color_all=&#8220;#ffffff&#8220; border_color_bottom=&#8220;#f08118&#8243; bottom_divider_style=&#8220;arrow2&#8243; bottom_divider_color=&#8220;#ffffff&#8220; bottom_divider_height=&#8220;54px&#8220; bottom_divider_flip=&#8220;horizontal&#8220; custom_css_main_element=&#8220;max-width: 1440px;||margin: 0 auto;&#8220;][et_pb_fullwidth_slider _builder_version=&#8220;3.19.13&#8243;][et_pb_slide use_bg_overlay=&#8220;off&#8220; use_text_overlay=&#8220;off&#8220; _builder_version=&#8220;3.19.13&#8243; background_image=&#8220;https:\/\/www.maui-sports.de\/shop\/wp-content\/uploads\/2019\/03\/Maui-im-Sand.jpg&#8220; button_on_hover=&#8220;on&#8220; custom_css_main_element=&#8220;height:493px;&#8220;][\/et_pb_slide][\/et_pb_fullwidth_slider][\/et_pb_section][et_pb_section bb_built=&#8220;1&#8243; prev_background_color=&#8220;#000000&#8243; _builder_version=&#8220;3.19.13&#8243; top_divider_color=&#8220;#ffffff&#8220;][et_pb_row _builder_version=&#8220;3.19.13&#8243;][et_pb_column type=&#8220;4_4&#8243;][et_pb_text _builder_version=&#8220;3.19.13&#8243; text_font=&#8220;|600|||||||&#8220; text_text_color=&#8220;#000000&#8243; header_font=&#8220;|700|||||||&#8220;] ALLGEMEINE GESCH\u00c4FTSBEDINGUNGEN Allgemeine Gesch\u00e4ftsbedingungen der Okamoto Sportswear GmbH (Stand \u2013 19.05.2014) Pr\u00e4ambel Die Okamoto Sportswear GmbH (nachstehend auch Verk\u00e4ufer genannt) betreibt ausschlie\u00dflich unter [&hellip;]<\/p>\n","protected":false},"author":2,"featured_media":0,"parent":0,"menu_order":0,"comment_status":"closed","ping_status":"closed","template":"","meta":{"_et_pb_use_builder":"on","_et_pb_old_content":"","footnotes":""},"class_list":["post-165","page","type-page","status-publish","hentry"],"_links":{"self":[{"href":"https:\/\/www.maui-sports.de\/shop\/wp-json\/wp\/v2\/pages\/165","targetHints":{"allow":["GET"]}}],"collection":[{"href":"https:\/\/www.maui-sports.de\/shop\/wp-json\/wp\/v2\/pages"}],"about":[{"href":"https:\/\/www.maui-sports.de\/shop\/wp-json\/wp\/v2\/types\/page"}],"author":[{"embeddable":true,"href":"https:\/\/www.maui-sports.de\/shop\/wp-json\/wp\/v2\/users\/2"}],"replies":[{"embeddable":true,"href":"https:\/\/www.maui-sports.de\/shop\/wp-json\/wp\/v2\/comments?post=165"}],"version-history":[{"count":17,"href":"https:\/\/www.maui-sports.de\/shop\/wp-json\/wp\/v2\/pages\/165\/revisions"}],"predecessor-version":[{"id":36233,"href":"https:\/\/www.maui-sports.de\/shop\/wp-json\/wp\/v2\/pages\/165\/revisions\/36233"}],"wp:attachment":[{"href":"https:\/\/www.maui-sports.de\/shop\/wp-json\/wp\/v2\/media?parent=165"}],"curies":[{"name":"wp","href":"https:\/\/api.w.org\/{rel}","templated":true}]}}